{"id":678,"date":"2025-11-06T15:10:18","date_gmt":"2025-11-06T15:10:18","guid":{"rendered":"https:\/\/lichtmelodie.ch\/wordpress\/?page_id=678"},"modified":"2025-11-13T17:38:25","modified_gmt":"2025-11-13T17:38:25","slug":"fuehren_echt_jetzt","status":"publish","type":"page","link":"https:\/\/lichtmelodie.ch\/wordpress\/fuehren_echt_jetzt\/","title":{"rendered":"F\u00fchren. Echt jetzt."},"content":{"rendered":"<p><img loading=\"lazy\" decoding=\"async\" class=\"wp-image-719 aligncenter\" src=\"https:\/\/lichtmelodie.ch\/wordpress\/wp-content\/uploads\/2025\/11\/Fuehren.-Echt-jetzt-300x162.jpg\" alt=\"F\u00fchren. Echt jetzt. Frech und direkt. Mit Augenzwinkern.\" width=\"500\" height=\"270\" srcset=\"https:\/\/lichtmelodie.ch\/wordpress\/wp-content\/uploads\/2025\/11\/Fuehren.-Echt-jetzt-300x162.jpg 300w, https:\/\/lichtmelodie.ch\/wordpress\/wp-content\/uploads\/2025\/11\/Fuehren.-Echt-jetzt-1024x553.jpg 1024w, https:\/\/lichtmelodie.ch\/wordpress\/wp-content\/uploads\/2025\/11\/Fuehren.-Echt-jetzt-768x415.jpg 768w, https:\/\/lichtmelodie.ch\/wordpress\/wp-content\/uploads\/2025\/11\/Fuehren.-Echt-jetzt.jpg 1026w\" sizes=\"auto, (max-width: 500px) 100vw, 500px\" \/><\/p>\n<h3 data-start=\"188\" data-end=\"234\">\ud83c\udf1f Wie du Wirkung entfaltest, ohne dich zu verbiegen<\/h3>\n<p>&nbsp;<\/p>\n<p>Fragst du dich, wie du gelassen bleiben kannst, wenn dir das Wasser bis zum Hals steht?<br \/>\nWie du freundlich bleibst, wenn so viel Unehrlichkeit herrscht?<br \/>\nDenkst du manchmal: Irgendwie m\u00fcsste doch alles leichter gehen &#8211; und du w\u00fcnschst dir mehr Zeit f\u00fcr dich?<\/p>\n<p>&nbsp;<\/p>\n<p><strong>\ud83d\udc49 Schreib mir eine E-Mail an chris(a)lichtmelodie.ch mit dem Betreff &#171;F\u00fchren. Echt jetzt.&#187; und ich schicke dir alle Infos zum n\u00e4chsten Startzeitpunkt und zu den Kosten.<\/strong><\/p>\n<p>&nbsp;<\/p>\n<p style=\"font-weight: 400;\"><strong>F\u00fchren. Echt jetzt. <\/strong>richtet sich an <strong>Unternehmer:innen<\/strong>, die ihre Pers\u00f6nlichkeit weiterentwickeln, ihren eigenen Stil verfeinern und mit Leichtigkeit gem\u00e4\u00df ihren Werten f\u00fchren wollen.<\/p>\n<p style=\"font-weight: 400;\">Das <strong>3-monatige 1:1 Coaching-Programm<\/strong> mit Sessions und Reflexionsaufgaben und unterst\u00fctzt dich dabei, <strong>selbstsicher, klar und gelassen zu f\u00fchren \u2013 mit innerer Ruhe und nat\u00fcrlicher Autorit\u00e4t<\/strong>.<\/p>\n<p style=\"font-weight: 400;\">Es erwartet dich:<\/p>\n<p>\u2728\u00a0ein neues Bewusstsein f\u00fcr eigene Werte und Entwicklung eines authentischen Stils<\/p>\n<p>\u2728 die Erkenntnis, was du ver\u00e4ndern musst, und das Erlernen des Handwerkszeugs daf\u00fcr<\/p>\n<p>\u2728 die Umsetzung mit individueller Begleitung und Reflexion<\/p>\n<p>&nbsp;<\/p>\n<p style=\"font-weight: 400;\">Was mein Angebot besonders macht:<br \/>\nIch arbeite\u00a0<strong>nicht mit Tools oder standardisierten Zielen<\/strong>, sondern mit der\u00a0<strong>Pers\u00f6nlichkeit<\/strong>\u00a0selbst.<br \/>\nJede:r Teilnehmer:in erh\u00e4lt eine individuelle Bestandsaufnahme und pers\u00f6nliche Strategien.<\/p>\n<p style=\"font-weight: 400;\">Meine Arbeit basiert auf\u00a0<strong>Selbstverantwortung, Ehrlichkeit und Augenh\u00f6he<\/strong>\u00a0\u2013 und auf dem Vertrauen, dass echte St\u00e4rke aus innerer Ruhe entsteht.<\/p>\n<p>&nbsp;<\/p>\n<p style=\"font-weight: 400;\"><strong>F\u00fchren. Echt jetzt.<\/strong> besteht aus den Themen<\/p>\n<p data-start=\"147\" data-end=\"193\">\ud83c\udf1fStrategie (individuell angepasst),<\/p>\n<p data-start=\"147\" data-end=\"193\">\ud83c\udf1fWerte,<\/p>\n<p data-start=\"147\" data-end=\"193\">\ud83c\udf1fAuftreten &amp; Stil,<\/p>\n<p data-start=\"147\" data-end=\"193\">\ud83c\udf1fKonfrontation mit dem, was am meisten gef\u00fcrchtet wird,<\/p>\n<p data-start=\"147\" data-end=\"193\">\ud83c\udf1fneues F\u00fchrungsverst\u00e4ndnis,<\/p>\n<p data-start=\"147\" data-end=\"193\">\ud83c\udf1fGesundheit &amp; Erholung.<\/p>\n<p>&nbsp;<\/p>\n<p style=\"font-weight: 400;\">Vermittelt wird all das in <strong>20 Sessions<\/strong> <strong>\u00e0 45 Minuten<\/strong> (zwei Coachings pro Woche) &#8211; eines zur Strategie, eines zu einem vorbereiteten Thema.<\/p>\n<h3 data-start=\"980\" data-end=\"1000\"><\/h3>\n<h3 data-start=\"980\" data-end=\"1000\">Dein Ergebnis:<\/h3>\n<p data-start=\"1001\" data-end=\"1169\">\u2728 Klar f\u00fchren durch die Synergie von Verstand und Intuition.<\/p>\n<p data-start=\"1001\" data-end=\"1169\">\u2728 \u00dcberzeugendes Auftreten. Frech, direkt, mit Augenzwinkern.<\/p>\n<p data-start=\"1001\" data-end=\"1169\">\u2728 Pers\u00f6nliche Tools, um auch stressige Situationen humorvoll zu meistern.<\/p>\n<h2 data-start=\"147\" data-end=\"193\"><\/h2>\n<h2 data-start=\"147\" data-end=\"193\">\ud83c\udf1f F\u00fcr deinen authentischen F\u00fchrungsstil:<\/h2>\n<p><strong><span class=\"mb-center maxbutton-1-center\"><span class=\"maxbutton-1-container mb-container\"><span class=\"mb-text\">\ud83d\udc49 Schreib mir eine E-Mail an chris(a)lichtmelodie.ch mit dem Betreff &#171;F\u00fchren. Echt jetzt.&#187; und ich schicke dir alle Infos zum n\u00e4chsten Startzeitpunkt und zu den Kosten.<\/span><\/span><\/span><\/strong><\/p>\n","protected":false},"excerpt":{"rendered":"<p>\ud83c\udf1f Wie du Wirkung entfaltest, ohne dich zu verbiegen &nbsp; Fragst du dich, wie du gelassen bleiben kannst, wenn dir das Wasser bis zum Hals steht? Wie du freundlich bleibst, wenn so viel Unehrlichkeit herrscht? Denkst du manchmal: Irgendwie m\u00fcsste doch alles leichter gehen &#8211; und du w\u00fcnschst dir mehr Zeit f\u00fcr dich? &nbsp; \ud83d\udc49 [&hellip;]<\/p>\n","protected":false},"author":1,"featured_media":0,"parent":0,"menu_order":0,"comment_status":"closed","ping_status":"closed","template":"","meta":{"footnotes":""},"class_list":["post-678","page","type-page","status-publish","hentry"],"_links":{"self":[{"href":"https:\/\/lichtmelodie.ch\/wordpress\/wp-json\/wp\/v2\/pages\/678","targetHints":{"allow":["GET"]}}],"collection":[{"href":"https:\/\/lichtmelodie.ch\/wordpress\/wp-json\/wp\/v2\/pages"}],"about":[{"href":"https:\/\/lichtmelodie.ch\/wordpress\/wp-json\/wp\/v2\/types\/page"}],"author":[{"embeddable":true,"href":"https:\/\/lichtmelodie.ch\/wordpress\/wp-json\/wp\/v2\/users\/1"}],"replies":[{"embeddable":true,"href":"https:\/\/lichtmelodie.ch\/wordpress\/wp-json\/wp\/v2\/comments?post=678"}],"version-history":[{"count":26,"href":"https:\/\/lichtmelodie.ch\/wordpress\/wp-json\/wp\/v2\/pages\/678\/revisions"}],"predecessor-version":[{"id":747,"href":"https:\/\/lichtmelodie.ch\/wordpress\/wp-json\/wp\/v2\/pages\/678\/revisions\/747"}],"wp:attachment":[{"href":"https:\/\/lichtmelodie.ch\/wordpress\/wp-json\/wp\/v2\/media?parent=678"}],"curies":[{"name":"wp","href":"https:\/\/api.w.org\/{rel}","templated":true}]}}