{"id":7,"date":"2020-07-24T19:32:49","date_gmt":"2020-07-24T19:32:49","guid":{"rendered":"https:\/\/lichtmelodie.ch\/wordpress\/?page_id=7"},"modified":"2025-09-30T20:51:17","modified_gmt":"2025-09-30T20:51:17","slug":"ueber-mich","status":"publish","type":"page","link":"https:\/\/lichtmelodie.ch\/wordpress\/ueber-mich\/","title":{"rendered":"\u00dcber mich"},"content":{"rendered":"\r\n<div>\r\n<p><img loading=\"lazy\" decoding=\"async\" class=\"alignright wp-image-38\" style=\"color: var(--global--color-primary); font-family: var(--global--font-secondary); font-size: var(--global--font-size-base);\" src=\"https:\/\/lichtmelodie.ch\/wordpress\/wp-content\/uploads\/2020\/07\/70e33504-200x300.jpeg\" alt=\"\" width=\"350\" height=\"525\" srcset=\"https:\/\/lichtmelodie.ch\/wordpress\/wp-content\/uploads\/2020\/07\/70e33504-200x300.jpeg 200w, https:\/\/lichtmelodie.ch\/wordpress\/wp-content\/uploads\/2020\/07\/70e33504-683x1024.jpeg 683w, https:\/\/lichtmelodie.ch\/wordpress\/wp-content\/uploads\/2020\/07\/70e33504-768x1151.jpeg 768w, https:\/\/lichtmelodie.ch\/wordpress\/wp-content\/uploads\/2020\/07\/70e33504.jpeg 854w\" sizes=\"auto, (max-width: 350px) 100vw, 350px\" \/><\/p>\r\n<p style=\"font-weight: 400;\">Hi, ich bin Christine.<br \/>Ich helfe dir, deiner Intuition wieder zu vertrauen \u2013 und sie in klare Entscheidungen zu \u00fcbersetzen.<\/p>\r\n<p style=\"font-weight: 400;\">Ich unterst\u00fctze Unternehmer:innen, die vor wichtigen Entscheidungen stehen und sich Klarheit &amp; innere Sicherheit w\u00fcnschen \u2013 raus aus dem Gr\u00fcbeln und aus der Unentschlossenheit.<br \/>In meinen Readings bekommst du in 30 Minuten per Zoom eine ehrliche Reflexion \u2013 die Karten sind ein Spiegel, entscheiden musst du.<\/p>\r\n<p style=\"font-weight: 400;\">Es ist, als ob du mitten im Nebel stehst: alles diffus, der Weg kaum zu erahnen.<br \/>Ich zeig dir, wie du den Nebel lichtest, damit du erkennst, wie deine Situation wirklich aussieht, was m\u00f6glich ist \u2013 und du mit einem klaren n\u00e4chsten Schritt rausgehst.<\/p>\r\n<p style=\"font-weight: 400;\">\u2192 Meine Haltung: Die Verantwortung bleibt immer bei dir. Die Karten sind Spiegel, nicht Entscheider.<br \/>\u2192 Echtheit statt Maske: Wenn du bei mir einfach du bist, kann sich zeigen, was dich bisher blockiert hat.<br \/>\u2192 \u00dcber 10 Jahre Erfahrung im Kartenlegen \u2013 und immer noch fasziniert, wie klar die Legungen wirken k\u00f6nnen.<\/p>\r\n<p style=\"font-weight: 400;\">Ich liebe es mitzuerleben, wie aus Chaos Klarheit entsteht, aus Verwirrung Entscheidungskraft \u2013 und wie Menschen lernen, ihrem eigenen Gef\u00fchl wieder zu vertrauen.<br \/>Klartext, verpackt in einer Form, die du wirklich verdauen kannst.<br \/>Wir k\u00f6nnen es uns nicht leisten, unsere Intuition bei Entscheidungen au\u00dfen vor zu lassen.<\/p>\r\n<p data-start=\"2095\" data-end=\"2257\"><span style=\"font-weight: 400;\">\u2728<\/span> Mein Angebot:<br \/><b>Tarotreadings f\u00fcr Unternehmer:innen &#8211; Klarheit und Sicherheit bei Entscheidungsdruck<\/b><\/p>\r\n<p data-start=\"2095\" data-end=\"2257\"><span style=\"font-weight: 400;\"><span class='mb-center maxbutton-1-center'><span class='maxbutton-1-container mb-container'><a class=\"maxbutton-1 maxbutton maxbutton-jetzt-buchen\" target=\"_blank\" title=\"Jetzt buchen!\" rel=\"noopener\" href=\"https:\/\/calendly.com\/lichtmelodie\/30min\"><span class='mb-text'>Buch deine Kartenlegung (30 min) f\u00fcr nur CHF 80!<\/span><\/a><\/span><\/span><br \/><\/span><\/p>\r\n<p>&nbsp;<\/p>\r\n<p data-start=\"2259\" data-end=\"2354\">\ud83c\udf1f Hol dir jetzt neue Impulse: Buch dir dein Kartenreading und entdecke frische Perspektiven.<\/p>\r\n<p data-start=\"2356\" data-end=\"2367\">Christine<\/p>\r\n<p data-start=\"2356\" data-end=\"2367\">\u00a0<\/p>\r\n<\/div>\r\n","protected":false},"excerpt":{"rendered":"<p>Hi, ich bin Christine.Ich helfe dir, deiner Intuition wieder zu vertrauen \u2013 und sie in klare Entscheidungen zu \u00fcbersetzen. Ich unterst\u00fctze Unternehmer:innen, die vor wichtigen Entscheidungen stehen und sich Klarheit &amp; innere Sicherheit w\u00fcnschen \u2013 raus aus dem Gr\u00fcbeln und aus der Unentschlossenheit.In meinen Readings bekommst du in 30 Minuten per Zoom eine ehrliche Reflexion [&hellip;]<\/p>\n","protected":false},"author":1,"featured_media":0,"parent":0,"menu_order":0,"comment_status":"closed","ping_status":"closed","template":"","meta":{"footnotes":""},"class_list":["post-7","page","type-page","status-publish","hentry"],"_links":{"self":[{"href":"https:\/\/lichtmelodie.ch\/wordpress\/wp-json\/wp\/v2\/pages\/7","targetHints":{"allow":["GET"]}}],"collection":[{"href":"https:\/\/lichtmelodie.ch\/wordpress\/wp-json\/wp\/v2\/pages"}],"about":[{"href":"https:\/\/lichtmelodie.ch\/wordpress\/wp-json\/wp\/v2\/types\/page"}],"author":[{"embeddable":true,"href":"https:\/\/lichtmelodie.ch\/wordpress\/wp-json\/wp\/v2\/users\/1"}],"replies":[{"embeddable":true,"href":"https:\/\/lichtmelodie.ch\/wordpress\/wp-json\/wp\/v2\/comments?post=7"}],"version-history":[{"count":26,"href":"https:\/\/lichtmelodie.ch\/wordpress\/wp-json\/wp\/v2\/pages\/7\/revisions"}],"predecessor-version":[{"id":597,"href":"https:\/\/lichtmelodie.ch\/wordpress\/wp-json\/wp\/v2\/pages\/7\/revisions\/597"}],"wp:attachment":[{"href":"https:\/\/lichtmelodie.ch\/wordpress\/wp-json\/wp\/v2\/media?parent=7"}],"curies":[{"name":"wp","href":"https:\/\/api.w.org\/{rel}","templated":true}]}}